{"id":5230,"date":"2019-01-29T09:03:39","date_gmt":"2019-01-29T08:03:39","guid":{"rendered":"https:\/\/volet-roulant16.paris\/?page_id=5230"},"modified":"2020-12-21T08:52:43","modified_gmt":"2020-12-21T08:52:43","slug":"depannage","status":"publish","type":"page","link":"https:\/\/volet-roulant-le-chesnay.fr\/?page_id=5230","title":{"rendered":"D\u00e9pannage"},"content":{"rendered":"<div id='av_section_1' class='avia-section main_color avia-section-no-padding avia-no-border-styling avia-full-stretch avia-bg-style-fixed  avia-builder-el-0  el_before_av_one_half  avia-builder-el-first   av-minimum-height av-minimum-height-75  container_wrap fullsize' style='background-repeat: no-repeat; background-image: url(https:\/\/volet-roulant-le-chesnay.fr\/wp-content\/uploads\/2019\/01\/sp\u00e9cialiste-du-16\u00e8me-arrondissement-de-paris-depuis-plus-de-20-ans.jpg);background-attachment: fixed; background-position: center center;  '  data-section-bg-repeat='stretch' data-av_minimum_height_pc='75'><div class='container' ><main  role=\"main\" itemprop=\"mainContentOfPage\"  class='template-page content  av-content-full alpha units'><div class='post-entry post-entry-type-page post-entry-5230'><div class='entry-content-wrapper clearfix'>\n<div class=\"flex_column av_one_full  flex_column_div first  avia-builder-el-1  avia-builder-el-no-sibling  \" style='background: rgba(10,10,10,0.49); padding:40px; background-color:rgba(10,10,10,0.49); border-radius:0px; '><div style='padding-bottom:10px; color:#ffffff;' class='av-special-heading av-special-heading-h1 custom-color-heading blockquote modern-quote modern-centered  avia-builder-el-2  avia-builder-el-no-sibling   '><h1 class='av-special-heading-tag '  itemprop=\"headline\"  >D\u00e9pannage de votre volet roulant \u00e0 le Chesnay<\/h1><div class='special-heading-border'><div class='special-heading-inner-border' style='border-color:#ffffff'><\/div><\/div><\/div><\/div>\n<\/div><\/div><\/main><!-- close content main element --><\/div><\/div><div id='after_section_1' class='main_color av_default_container_wrap container_wrap fullsize' style=' '  ><div class='container' ><div class='template-page content  av-content-full alpha units'><div class='post-entry post-entry-type-page post-entry-5230'><div class='entry-content-wrapper clearfix'>\n<div class='flex_column_table av-equal-height-column-flextable -flextable' style='margin-top:-200px; margin-bottom:-200px; box-shadow: 0 0 10px 0 #b02b2c; '><div class=\"flex_column av_one_half  no_margin flex_column_table_cell av-equal-height-column av-align-middle first  avia-builder-el-3  el_after_av_section  el_before_av_one_half  avia-builder-el-first  \" style='background: #f2f2f2; padding:40px; background-color:#f2f2f2; border-radius:0px; '><section class=\"av_textblock_section \"  itemscope=\"itemscope\" itemtype=\"https:\/\/schema.org\/CreativeWork\" ><div class='avia_textblock  '   itemprop=\"text\" ><h1 style=\"text-align: justify;\">Confiez vos travaux \u00e0 des experts en volet roulant dans Le Chesnay<\/h1>\n<p style=\"text-align: justify;\">Vous vivez dans le Chesnay et vous avez besoin d\u2019un expert en volet roulant. Vous \u00eates \u00e0 la bonne adresse, car notre entreprise peut r\u00e9ellement vous satisfaire. Disposant d\u2019une \u00e9quipe compos\u00e9e d\u2019installateur, de d\u00e9panneur et de sp\u00e9cialistes en entretien de <a href=\"https:\/\/volet-roulant-le-chesnay.fr\/\"><strong>volet roulant le Chesnay<\/strong><\/a>. Nous vous garantissons un service d\u2019exception et un travail de r\u00e9f\u00e9rence. Sachez que nos prestations sont vari\u00e9es. Voici ce que nous vous proposons\u00a0!<\/p>\n<\/div><\/section><br \/>\n<div style='height:10px' class='hr hr-invisible   avia-builder-el-5  el_after_av_textblock  el_before_av_button '><span class='hr-inner ' ><span class='hr-inner-style'><\/span><\/span><\/div><br \/>\n<div class='avia-button-wrap avia-button-center  avia-builder-el-6  el_after_av_hr  avia-builder-el-last '><a href='#contact'  class='avia-button   avia-icon_select-no avia-color-custom avia-size-large avia-position-center '  style='background-color:#444444; border-color:#444444; color:#ffffff; ' ><span class='avia_iconbox_title' >DEVIS GRATUIT<\/span><\/a><\/div><\/p><\/div><div class=\"flex_column av_one_half  no_margin flex_column_table_cell av-equal-height-column av-align-middle av-zero-column-padding   avia-builder-el-7  el_after_av_one_half  el_before_av_hr  \" style='border-radius:0px; '><div class='avia-image-container  av-styling-    avia-builder-el-8  avia-builder-el-no-sibling   avia-align-center '  itemprop=\"image\" itemscope=\"itemscope\" itemtype=\"https:\/\/schema.org\/ImageObject\"  ><div class='avia-image-container-inner'><div class='avia-image-overlay-wrap'><img class='avia_image' src='https:\/\/volet-roulant-le-chesnay.fr\/wp-content\/uploads\/2019\/01\/depannage_volet_roulant_paris_16-1030x692.jpg' alt='Entretien volet roulant le chesnay' title='Entretien volet roulant le chesnay' height=\"692\" width=\"1030\"  itemprop=\"thumbnailUrl\"  \/><\/div><\/div><\/div><\/div><\/div><!--close column table wrapper. Autoclose: 1 --><\/p>\n<div style='height:250px' class='hr hr-invisible   avia-builder-el-9  el_after_av_one_half  el_before_av_textblock '><span class='hr-inner ' ><span class='hr-inner-style'><\/span><\/span><\/div>\n<section class=\"av_textblock_section \"  itemscope=\"itemscope\" itemtype=\"https:\/\/schema.org\/CreativeWork\" ><div class='avia_textblock  '   itemprop=\"text\" ><h2 style=\"text-align: justify;\">Effectuer tous les travaux de d\u00e9pannage de volet roulant le Chesnay<\/h2>\n<p style=\"text-align: justify;\">Pour <a href=\"https:\/\/volet-roulant-le-chesnay.fr\/reparation\/\"><strong>r\u00e9parer un volet roulant le Chesnay<\/strong><\/a>, nous pouvons mettre \u00e0 votre service un r\u00e9parateur exp\u00e9riment\u00e9. Il faut dire que c\u2019est une op\u00e9ration complexe requ\u00e9rant de la technique et de la pr\u00e9cision dans les gestes, notamment lorsque le dispositif est \u00e9quip\u00e9 d\u2019un moteur \u00e9lectrique. Peu importe la nature de panne qui touche votre volet roulant, notre d\u00e9panneur usera de son savoir-faire pour y rem\u00e9dier dans le meilleur d\u00e9lai qui soit.<\/p>\n<p style=\"text-align: justify;\">Pour <strong>d\u00e9panner un volet roulant le Chesnay<\/strong>, notre technicien commence par un bon diagnostic afin de conna\u00eetre les causes de la panne. Sachez qu\u2019il peut s\u2019occuper du d\u00e9blocage d\u2019un volet roulant ainsi que du remplacement de manivelle, de treuil, de sortie de caisson ou d\u2019enrouleur \u00e0 sangle. Il est \u00e9galement capable de r\u00e9aliser le r\u00e9-agrafage de votre dispositif et le d\u00e9blocage du tablier.<\/p>\n<p style=\"text-align: justify;\">Si n\u00e9cessaire, il a toutes les comp\u00e9tences n\u00e9cessaires pour remplacer le m\u00e9canisme entier du tablier. Dans tous les cas, notre d\u00e9panneur de volet roulant fait preuve de r\u00e9activit\u00e9, de s\u00e9rieux et de dynamisme. Il travaille avec pr\u00e9cision pour vous offrir une r\u00e9paration avec z\u00e9ro d\u00e9g\u00e2t.<\/p>\n<h2 style=\"text-align: justify;\">Prendre en charge toutes les interventions en urgence en mati\u00e8re de volet roulant le Chesnay<\/h2>\n<p style=\"text-align: justify;\">L\u2019objectif dans <a href=\"https:\/\/volet-roulant-le-chesnay.fr\/installation\/\"><strong>l\u2019installation d\u2019un volet roulant le Chesnay<\/strong><\/a>, c\u2019est de se prot\u00e9ger des tentatives de cambriolages et d\u2019effraction. Ainsi, lorsque le dispositif est d\u00e9fectueux ou lorsqu\u2019il ne peut plus se fermer avec s\u00fbret\u00e9, il faut y rem\u00e9dier rapidement. Notre entreprise dispose justement d\u2019un d\u00e9panneur pr\u00eat \u00e0 intervenir en urgence. En service 24h\/24 et 7j7, notre \u00e9quipe de d\u00e9pannage peut vous envoyer un technicien comp\u00e9tent dans l\u2019imm\u00e9diat.<\/p>\n<p style=\"text-align: justify;\">Ayant une riche exp\u00e9rience pour <strong>d\u00e9panner un volet roulant le Chesnay<\/strong>, il a aussi un grand savoir-faire pour g\u00e9rer les cas urgents. R\u00e9tablir la s\u00e9curit\u00e9 de votre logement ou de votre local professionnel est sa principale mission une fois sur place. Il saura \u00e9galement vous proposer la meilleure solution pour am\u00e9liorer votre niveau de protection. Sachez que notre sp\u00e9cialiste en volet roulant sait travailler avec dext\u00e9rit\u00e9 et rapidit\u00e9.<\/p>\n<p style=\"text-align: justify;\">Pour votre satisfaction, nous proposons un tarif d\u00e9fiant toute concurrence. Vous pouvez obtenir un devis pr\u00e9cis et d\u00e9taill\u00e9. Notre \u00e9quipe intervient dans les divers quartiers du Chesnay, pour ne citer que Dutartre, La Br\u00e8che, Nouvelle France, Aubert et Glatigny.<\/p>\n<\/div><\/section>\n","protected":false},"excerpt":{"rendered":"","protected":false},"author":1,"featured_media":0,"parent":0,"menu_order":0,"comment_status":"closed","ping_status":"closed","template":"","meta":{"footnotes":""},"class_list":["post-5230","page","type-page","status-publish","hentry"],"_links":{"self":[{"href":"https:\/\/volet-roulant-le-chesnay.fr\/index.php?rest_route=\/wp\/v2\/pages\/5230","targetHints":{"allow":["GET"]}}],"collection":[{"href":"https:\/\/volet-roulant-le-chesnay.fr\/index.php?rest_route=\/wp\/v2\/pages"}],"about":[{"href":"https:\/\/volet-roulant-le-chesnay.fr\/index.php?rest_route=\/wp\/v2\/types\/page"}],"author":[{"embeddable":true,"href":"https:\/\/volet-roulant-le-chesnay.fr\/index.php?rest_route=\/wp\/v2\/users\/1"}],"replies":[{"embeddable":true,"href":"https:\/\/volet-roulant-le-chesnay.fr\/index.php?rest_route=%2Fwp%2Fv2%2Fcomments&post=5230"}],"version-history":[{"count":0,"href":"https:\/\/volet-roulant-le-chesnay.fr\/index.php?rest_route=\/wp\/v2\/pages\/5230\/revisions"}],"wp:attachment":[{"href":"https:\/\/volet-roulant-le-chesnay.fr\/index.php?rest_route=%2Fwp%2Fv2%2Fmedia&parent=5230"}],"curies":[{"name":"wp","href":"https:\/\/api.w.org\/{rel}","templated":true}]}}