{"id":5261,"date":"2019-01-29T10:38:58","date_gmt":"2019-01-29T09:38:58","guid":{"rendered":"https:\/\/volet-roulant16.paris\/?page_id=5261"},"modified":"2020-12-21T09:07:32","modified_gmt":"2020-12-21T09:07:32","slug":"reparation","status":"publish","type":"page","link":"https:\/\/volet-roulant-le-chesnay.fr\/?page_id=5261","title":{"rendered":"R\u00e9paration"},"content":{"rendered":"<div id='av_section_1' class='avia-section main_color avia-section-no-padding avia-no-border-styling avia-full-stretch avia-bg-style-fixed  avia-builder-el-0  el_before_av_one_half  avia-builder-el-first   av-minimum-height av-minimum-height-75  container_wrap fullsize' style='background-repeat: no-repeat; background-image: url(https:\/\/volet-roulant-le-chesnay.fr\/wp-content\/uploads\/2019\/01\/sp\u00e9cialiste-du-16\u00e8me-arrondissement-de-paris-depuis-plus-de-20-ans.jpg);background-attachment: fixed; background-position: center center;  '  data-section-bg-repeat='stretch' data-av_minimum_height_pc='75'><div class='container' ><main  role=\"main\" itemprop=\"mainContentOfPage\"  class='template-page content  av-content-full alpha units'><div class='post-entry post-entry-type-page post-entry-5261'><div class='entry-content-wrapper clearfix'>\n<div class=\"flex_column av_one_full  flex_column_div first  avia-builder-el-1  avia-builder-el-no-sibling  \" style='background: rgba(10,10,10,0.49); padding:40px; background-color:rgba(10,10,10,0.49); border-radius:0px; '><div style='padding-bottom:10px; color:#ffffff;' class='av-special-heading av-special-heading-h1 custom-color-heading blockquote modern-quote modern-centered  avia-builder-el-2  avia-builder-el-no-sibling   '><h1 class='av-special-heading-tag '  itemprop=\"headline\"  >R\u00e9paration de votre volet roulant \u00e0 le Chesnay<\/h1><div class='special-heading-border'><div class='special-heading-inner-border' style='border-color:#ffffff'><\/div><\/div><\/div><\/div>\n<\/div><\/div><\/main><!-- close content main element --><\/div><\/div><div id='after_section_1' class='main_color av_default_container_wrap container_wrap fullsize' style=' '  ><div class='container' ><div class='template-page content  av-content-full alpha units'><div class='post-entry post-entry-type-page post-entry-5261'><div class='entry-content-wrapper clearfix'>\n<div class='flex_column_table av-equal-height-column-flextable -flextable' style='margin-top:-200px; margin-bottom:-200px; box-shadow: 0 0 10px 0 #b02b2c; '><div class=\"flex_column av_one_half  no_margin flex_column_table_cell av-equal-height-column av-align-middle first  avia-builder-el-3  el_after_av_section  el_before_av_one_half  avia-builder-el-first  \" style='background: #f2f2f2; padding:40px; background-color:#f2f2f2; border-radius:0px; '><section class=\"av_textblock_section \"  itemscope=\"itemscope\" itemtype=\"https:\/\/schema.org\/CreativeWork\" ><div class='avia_textblock  '   itemprop=\"text\" ><h1 style=\"text-align: justify;\">Confiez vos travaux \u00e0 des experts en volet roulant dans Le Chesnay<\/h1>\n<p style=\"text-align: justify;\">Vous vivez dans le Chesnay et vous avez besoin d\u2019un expert en volet roulant. Vous \u00eates \u00e0 la bonne adresse, car notre entreprise peut r\u00e9ellement vous satisfaire. Disposant d\u2019une \u00e9quipe compos\u00e9e d\u2019installateur, de d\u00e9panneur et de sp\u00e9cialistes en entretien de <a href=\"https:\/\/volet-roulant-le-chesnay.fr\/\"><strong>volet roulant le Chesnay<\/strong>.<\/a><\/p>\n<p style=\"text-align: justify;\">Vous venez d\u2019achever la <strong>construction<\/strong> de votre bien immobilier ou vous \u00eates en train de le <strong>r\u00e9nover<\/strong>\u00a0? La <strong>pose<\/strong> ou la <strong>r\u00e9paration des volets roulants<\/strong> est donc indispensable. Zoom sur les mod\u00e8les recommand\u00e9s pour chaque situation.<\/p>\n<\/div><\/section><br \/>\n<div style='height:10px' class='hr hr-invisible   avia-builder-el-5  el_after_av_textblock  el_before_av_button '><span class='hr-inner ' ><span class='hr-inner-style'><\/span><\/span><\/div><br \/>\n<div class='avia-button-wrap avia-button-center  avia-builder-el-6  el_after_av_hr  avia-builder-el-last '><a href='#contact'  class='avia-button   avia-icon_select-no avia-color-custom avia-size-large avia-position-center '  style='background-color:#444444; border-color:#444444; color:#ffffff; ' ><span class='avia_iconbox_title' >DEVIS GRATUIT<\/span><\/a><\/div><\/p><\/div><div class=\"flex_column av_one_half  no_margin flex_column_table_cell av-equal-height-column av-align-middle av-zero-column-padding   avia-builder-el-7  el_after_av_one_half  el_before_av_hr  \" style='border-radius:0px; '><div class='avia-image-container  av-styling-    avia-builder-el-8  avia-builder-el-no-sibling  avia-align-center '  itemprop=\"image\" itemscope=\"itemscope\" itemtype=\"https:\/\/schema.org\/ImageObject\"  ><div class='avia-image-container-inner'><div class='avia-image-overlay-wrap'><img class='avia_image' src='https:\/\/volet-roulant-le-chesnay.fr\/wp-content\/uploads\/2019\/01\/La-r\u00e9paration-de-votre-volet-roulant-doit-\u00eatre-confi\u00e9-\u00e0-un-r\u00e9parateur-agr\u00e9\u00e9-1.jpg' alt='' title='La r\u00e9paration de votre volet roulant doit \u00eatre confi\u00e9 \u00e0 un r\u00e9parateur agr\u00e9\u00e9' height=\"660\" width=\"792\"  itemprop=\"thumbnailUrl\"  \/><\/div><\/div><\/div><\/div><\/div><!--close column table wrapper. Autoclose: 1 --><\/p>\n<div style='height:250px' class='hr hr-invisible   avia-builder-el-9  el_after_av_one_half  el_before_av_textblock '><span class='hr-inner ' ><span class='hr-inner-style'><\/span><\/span><\/div>\n<section class=\"av_textblock_section \"  itemscope=\"itemscope\" itemtype=\"https:\/\/schema.org\/CreativeWork\" ><div class='avia_textblock  '   itemprop=\"text\" ><h2 style=\"text-align: justify;\">Concr\u00e9tiser tout projet de remplacement de volet roulant le Chesnay<\/h2>\n<p style=\"text-align: justify;\">Le remplacement d\u2019un <strong>volet roulant le Chesnay<\/strong> s\u2019ajoute sur la liste de nos prestations phares. Il s\u2019agit d\u2019une t\u00e2che d\u00e9licate \u00e0 faire avec m\u00e9thode et savoir-faire. Nous disposons justement d\u2019un expert en la mati\u00e8re. Peu importe la raison qui vous amen\u00e9 \u00e0 r\u00e9aliser un tel projet, il est en mesure de vous satisfaire. En effet, vous pouvez compter sur lui pour trouver la solution id\u00e9ale afin de rendre votre roulant plus fonctionnel et agr\u00e9able \u00e0 utiliser.<\/p>\n<p style=\"text-align: justify;\">Pour ce faire, il peut vous sugg\u00e9rer d\u2019installer un moteur \u00e9lectrique compatible au dispositif d\u00e9j\u00e0 en place. Il ma\u00eetrise d\u2019ailleurs les techniques \u00e0 appliquer pour \u00a0r\u00e9ussir cette t\u00e2che. Il a aussi l\u2019exp\u00e9rience requise pour installer le kit de motorisation. Gr\u00e2ce \u00e0 ses mains expertes, votre volet roulant pourra retrouver une fonctionnalit\u00e9 moderne et performante. Si vous avez envie de changer compl\u00e8tement le dispositif existant, notre technicien est votre alli\u00e9.<\/p>\n<p style=\"text-align: justify;\">Pour changer un volet roulant, notre technicien travaille avec \u00e9tude. Il saura vous guider dans le choix d\u2019un dispositif de haute qualit\u00e9 qui peut vous garantir un confort d\u2019usage optimal. De plus, notre expert peut le transformer en un volet roulant intelligent. Vous pourrez ainsi le commander \u00e0 distance.<\/p>\n<h2 style=\"text-align: justify;\">Assurer correctement la maintenance de votre volet roulant le Chesnay<\/h2>\n<p style=\"text-align: justify;\">Pour une utilisation simple et confortable et ce, sur le long terme, il faut une bonne maintenance de votre volet roulant. La t\u00e2che demande une certaine comp\u00e9tence technique. Ainsi, vous avez besoin de l\u2019intervention de notre sp\u00e9cialiste. Pour <strong>entretenir un volet roulant le Chesnay<\/strong>, notre technicien r\u00e9alise diff\u00e9rentes op\u00e9rations. Tout commencer par le nettoyage des \u00e9l\u00e9ments ext\u00e9rieurs.<\/p>\n<p style=\"text-align: justify;\">Notre expert utilise de bons produits pour ne pas ab\u00eemer les mat\u00e9riaux de fabrication. Il se charge aussi d\u2019enlever tous les d\u00e9chets qui pourraient s\u2019incruster dans les coulisses et bloquer ainsi le dispositif. Il faut ajouter sur la liste des t\u00e2ches accomplies par notre sp\u00e9cialiste en volet roulant, la lubrification des coulisses. \u00a0Ensuite, il proc\u00e8de au contr\u00f4le de l\u2019\u00e9tat du m\u00e9canisme int\u00e9rieur du dispositif.<\/p>\n<p style=\"text-align: justify;\">Il r\u00e9alise aussi l\u2019entretien de chaque pi\u00e8ce m\u00e9canique et du moteur. Il a toutes les comp\u00e9tences techniques pour d\u00e9monter le coffre si n\u00e9cessaire. Son objectif, c\u2019est de prolonger la dur\u00e9e de vie volet roulant et de pr\u00e9venir les pannes s\u00e9v\u00e8res.<\/p>\n<h2 style=\"text-align: justify;\">Prendre en charge toutes les interventions en urgence en mati\u00e8re de volet roulant le Chesnay<\/h2>\n<p style=\"text-align: justify;\">L\u2019objectif dans <a href=\"https:\/\/volet-roulant-le-chesnay.fr\/installation\/\"><strong>l\u2019installation d\u2019un volet roulant le Chesnay<\/strong><\/a>, c\u2019est de se prot\u00e9ger des tentatives de cambriolages et d\u2019effraction. Ainsi, lorsque le dispositif est d\u00e9fectueux ou lorsqu\u2019il ne peut plus se fermer avec s\u00fbret\u00e9, il faut y rem\u00e9dier rapidement. Notre entreprise dispose justement d\u2019un d\u00e9panneur pr\u00eat \u00e0 intervenir en urgence. En service 24h\/24 et 7j7, notre \u00e9quipe de d\u00e9pannage peut vous envoyer un technicien comp\u00e9tent dans l\u2019imm\u00e9diat.<\/p>\n<p style=\"text-align: justify;\">Ayant une riche exp\u00e9rience pour <a href=\"https:\/\/volet-roulant-le-chesnay.fr\/depannage\/\"><strong>d\u00e9panner un volet roulant le Chesnay<\/strong><\/a>, il a aussi un grand savoir-faire pour g\u00e9rer les cas urgents. R\u00e9tablir la s\u00e9curit\u00e9 de votre logement ou de votre local professionnel est sa principale mission une fois sur place. Il saura \u00e9galement vous proposer la meilleure solution pour am\u00e9liorer votre niveau de protection. Sachez que notre sp\u00e9cialiste en volet roulant sait travailler avec dext\u00e9rit\u00e9 et rapidit\u00e9.<\/p>\n<p style=\"text-align: justify;\">Pour votre satisfaction, nous proposons un tarif d\u00e9fiant toute concurrence. Vous pouvez obtenir un devis pr\u00e9cis et d\u00e9taill\u00e9. Notre \u00e9quipe intervient dans les divers quartiers du Chesnay, pour ne citer que Dutartre, La Br\u00e8che, Nouvelle France, Aubert et Glatigny.<\/p>\n<\/div><\/section>\n","protected":false},"excerpt":{"rendered":"","protected":false},"author":1,"featured_media":0,"parent":0,"menu_order":0,"comment_status":"closed","ping_status":"closed","template":"","meta":{"footnotes":""},"class_list":["post-5261","page","type-page","status-publish","hentry"],"_links":{"self":[{"href":"https:\/\/volet-roulant-le-chesnay.fr\/index.php?rest_route=\/wp\/v2\/pages\/5261","targetHints":{"allow":["GET"]}}],"collection":[{"href":"https:\/\/volet-roulant-le-chesnay.fr\/index.php?rest_route=\/wp\/v2\/pages"}],"about":[{"href":"https:\/\/volet-roulant-le-chesnay.fr\/index.php?rest_route=\/wp\/v2\/types\/page"}],"author":[{"embeddable":true,"href":"https:\/\/volet-roulant-le-chesnay.fr\/index.php?rest_route=\/wp\/v2\/users\/1"}],"replies":[{"embeddable":true,"href":"https:\/\/volet-roulant-le-chesnay.fr\/index.php?rest_route=%2Fwp%2Fv2%2Fcomments&post=5261"}],"version-history":[{"count":0,"href":"https:\/\/volet-roulant-le-chesnay.fr\/index.php?rest_route=\/wp\/v2\/pages\/5261\/revisions"}],"wp:attachment":[{"href":"https:\/\/volet-roulant-le-chesnay.fr\/index.php?rest_route=%2Fwp%2Fv2%2Fmedia&parent=5261"}],"curies":[{"name":"wp","href":"https:\/\/api.w.org\/{rel}","templated":true}]}}